{"id":1380,"date":"2014-03-03T02:04:25","date_gmt":"2014-03-03T01:04:25","guid":{"rendered":"http:\/\/www.rexite.de\/WP\/?page_id=1380"},"modified":"2025-06-11T00:30:10","modified_gmt":"2025-06-10T23:30:10","slug":"impressum","status":"publish","type":"page","link":"http:\/\/www.rexite.de\/?page_id=1380","title":{"rendered":"Impressum"},"content":{"rendered":"<p><b>r e x i t e . d e<br \/>\n<\/b><br \/>\nGem\u00e4\u00df \u00a7 28 BDSG widerspreche ich jeder kommerziellen Verwendung und Weitergabe meiner Daten.<\/p>\n<p>Verantwortungsbereich: Das Impressum gilt nur f\u00fcr die Internetpr\u00e4senz unter der Adresse: www.rexite.de<\/p>\n<p>Abgrenzung: Die Web-Pr\u00e4senz ist Teil des WWW und dementsprechend mit fremden, sich jederzeit wandeln k\u00f6nnenden Web-Sites verkn\u00fcpft, die folglich auch nicht diesem Verantwortungsbereich unterliegen und f\u00fcr die nachfolgende Informationen nicht gelten. Dass die Links weder gegen Sitten noch Gesetze versto\u00dfen, wurde genau ein mal gepr\u00fcft: bevor sie hier aufgenommen wurden. Solche Links, die zu fremden Webprojekten f\u00fchren, finden Sie in der linken Spalte.<\/p>\n<p>Diensteanbieter: Elmar Krings, M.A.<\/p>\n<p>Verantwortliche Ansprechperson: Elmar Krings, M.A.<\/p>\n<p>Anschrift: Krings-Media, Elmar Krings, M.A., Graf-Goltstein-Str. 16, 52511 Geilenkirchen<\/p>\n<p>Elektronische Postadresse: <a href=\"mailto:%20mail@rexite.de\">mail@rexite.de<\/a><\/p>\n<p>Unmittelbare Kommunikation: +49 (0) 2451 4090970<\/p>\n<p>Umsatzsteueridentifikationsnummer: DE233175448<\/p>\n<p>Keine Haftung: Die Inhalte dieses Webprojektes wurden sorgf\u00e4ltig gepr\u00fcft und nach bestem Wissen erstellt. Aber f\u00fcr die hier dargebotenen Informationen wird kein Anspruch auf Vollst\u00e4ndigkeit, Aktualit\u00e4t, Qualit\u00e4t und Richtigkeit erhoben. Es kann keine Verantwortung f\u00fcr Sch\u00e4den \u00fcbernommen werden, die durch das Vertrauen auf die Inhalte dieser Website oder deren Gebrauch entstehen.<\/p>\n<p>Schutzrechtsverletzung: Falls Sie vermuten, dass von dieser Website aus eines Ihrer Schutzrechte verletzt wird, teilen Sie das bitte umgehend per elektronischer Post mit, damit z\u00fcgig Abhilfe geschafft werden kann. Bitte nehmen Sie zur Kenntnis: Die zeitaufw\u00e4ndigere Einschaltung eines Anwaltes zur f\u00fcr den Diensteanbieter kostenpflichtigen Abmahnung entspricht nicht dessen wirklichen oder mutma\u00dflichen Willen.<\/p>\n<p>\u00a9 2000-2025 &#8211; Elmar Krings<\/p>\n","protected":false},"excerpt":{"rendered":"<p>r e x i t e . d e Gem\u00e4\u00df \u00a7 28 BDSG widerspreche ich jeder kommerziellen Verwendung und Weitergabe meiner Daten. Verantwortungsbereich: Das Impressum gilt nur f\u00fcr die Internetpr\u00e4senz unter der Adresse: www.rexite.de Abgrenzung: Die Web-Pr\u00e4senz ist Teil des WWW und dementsprechend mit fremden, sich jederzeit wandeln k\u00f6nnenden Web-Sites&#8230;<\/p>\n<p> <a class=\"continue-reading-link\" href=\"http:\/\/www.rexite.de\/?page_id=1380\"><span>weitere Fotos&#8230;<\/span><i class=\"crycon-right-dir\"><\/i><\/a> <\/p>\n","protected":false},"author":1,"featured_media":0,"parent":0,"menu_order":0,"comment_status":"open","ping_status":"open","template":"","meta":{"ngg_post_thumbnail":0,"footnotes":""},"class_list":["post-1380","page","type-page","status-publish","hentry"],"_links":{"self":[{"href":"http:\/\/www.rexite.de\/index.php?rest_route=\/wp\/v2\/pages\/1380","targetHints":{"allow":["GET"]}}],"collection":[{"href":"http:\/\/www.rexite.de\/index.php?rest_route=\/wp\/v2\/pages"}],"about":[{"href":"http:\/\/www.rexite.de\/index.php?rest_route=\/wp\/v2\/types\/page"}],"author":[{"embeddable":true,"href":"http:\/\/www.rexite.de\/index.php?rest_route=\/wp\/v2\/users\/1"}],"replies":[{"embeddable":true,"href":"http:\/\/www.rexite.de\/index.php?rest_route=%2Fwp%2Fv2%2Fcomments&post=1380"}],"version-history":[{"count":9,"href":"http:\/\/www.rexite.de\/index.php?rest_route=\/wp\/v2\/pages\/1380\/revisions"}],"predecessor-version":[{"id":6266,"href":"http:\/\/www.rexite.de\/index.php?rest_route=\/wp\/v2\/pages\/1380\/revisions\/6266"}],"wp:attachment":[{"href":"http:\/\/www.rexite.de\/index.php?rest_route=%2Fwp%2Fv2%2Fmedia&parent=1380"}],"curies":[{"name":"wp","href":"https:\/\/api.w.org\/{rel}","templated":true}]}}